{"id":305,"date":"2025-05-12T18:29:31","date_gmt":"2025-05-12T17:29:31","guid":{"rendered":"https:\/\/bluebuffalocapital.com\/a-nossa-experiencia\/"},"modified":"2025-06-26T17:16:04","modified_gmt":"2025-06-26T16:16:04","slug":"a-nossa-experiencia","status":"publish","type":"page","link":"https:\/\/bluebuffalocapital.com\/pt-pt\/a-nossa-experiencia\/","title":{"rendered":"A Nossa Experi\u00eancia"},"content":{"rendered":"\n<p>Luxo e Excel\u00eancia: <strong>&#8220;A qualidade n\u00e3o \u00e9 um ato, \u00e9 um h\u00e1bito&#8221;<\/strong> <em>\u2013 Aristotle<\/em><\/p>\n\n<p>Procuramos a perfei\u00e7\u00e3o em cada detalhe, assegurando que os nossos im\u00f3veis cumprem os mais elevados padr\u00f5es de luxo e conforto.<\/p>\n\n<p><strong>&#8220;O sucesso n\u00e3o \u00e9 a chave da felicidade. A felicidade \u00e9 a chave do sucesso. Se ama aquilo que faz, ser\u00e1 bem-sucedido.&#8221; <\/strong><em>&#8211; Albert Schweitzer<\/em><\/p>\n","protected":false},"excerpt":{"rendered":"<p>Luxo e Excel\u00eancia: &#8220;A qualidade n\u00e3o \u00e9 um ato, \u00e9 um h\u00e1bito&#8221; \u2013 Aristotle Procuramos a perfei\u00e7\u00e3o em cada detalhe, assegurando que os nossos im\u00f3veis cumprem os mais elevados padr\u00f5es de luxo e conforto. &#8220;O sucesso n\u00e3o \u00e9 a chave da felicidade. A felicidade \u00e9 a chave do sucesso. Se ama aquilo que faz, ser\u00e1 [&hellip;]<\/p>\n","protected":false},"author":1,"featured_media":375,"parent":0,"menu_order":0,"comment_status":"closed","ping_status":"closed","template":"templates\/our-experience.php","meta":{"_acf_changed":false,"_seopress_robots_primary_cat":"","_seopress_titles_title":"","_seopress_titles_desc":"","_seopress_robots_index":"","footnotes":""},"class_list":["post-305","page","type-page","status-publish","has-post-thumbnail","hentry"],"acf":[],"_links":{"self":[{"href":"https:\/\/bluebuffalocapital.com\/pt-pt\/wp-json\/wp\/v2\/pages\/305","targetHints":{"allow":["GET"]}}],"collection":[{"href":"https:\/\/bluebuffalocapital.com\/pt-pt\/wp-json\/wp\/v2\/pages"}],"about":[{"href":"https:\/\/bluebuffalocapital.com\/pt-pt\/wp-json\/wp\/v2\/types\/page"}],"author":[{"embeddable":true,"href":"https:\/\/bluebuffalocapital.com\/pt-pt\/wp-json\/wp\/v2\/users\/1"}],"replies":[{"embeddable":true,"href":"https:\/\/bluebuffalocapital.com\/pt-pt\/wp-json\/wp\/v2\/comments?post=305"}],"version-history":[{"count":0,"href":"https:\/\/bluebuffalocapital.com\/pt-pt\/wp-json\/wp\/v2\/pages\/305\/revisions"}],"wp:featuredmedia":[{"embeddable":true,"href":"https:\/\/bluebuffalocapital.com\/pt-pt\/wp-json\/wp\/v2\/media\/375"}],"wp:attachment":[{"href":"https:\/\/bluebuffalocapital.com\/pt-pt\/wp-json\/wp\/v2\/media?parent=305"}],"curies":[{"name":"wp","href":"https:\/\/api.w.org\/{rel}","templated":true}]}}