{"id":284,"date":"2025-05-12T18:28:55","date_gmt":"2025-05-12T17:28:55","guid":{"rendered":"https:\/\/bluebuffalocapital.com\/quem-somos\/"},"modified":"2025-06-27T17:03:19","modified_gmt":"2025-06-27T16:03:19","slug":"quem-somos","status":"publish","type":"page","link":"https:\/\/bluebuffalocapital.com\/pt-pt\/quem-somos\/","title":{"rendered":"Quem somos"},"content":{"rendered":"\n<p>Equipa de lideran\u00e7a composta por profissionais experientes do setor imobili\u00e1rio, com um percurso comprovado em conjunto desde 2003, gerando valor para todas as partes interessadas ao longo do processo.<\/p>\n\n<p>Transformar o panorama imobili\u00e1rio em Portugal atrav\u00e9s do desenvolvimento de resid\u00eancias ic\u00f3nicas de luxo, deixando um impacto duradouro nas comunidades e no ambiente. A nossa dedica\u00e7\u00e3o reside na conjuga\u00e7\u00e3o de design arquitet\u00f3nico de excel\u00eancia com pr\u00e1ticas sustent\u00e1veis, criando espa\u00e7os que s\u00e3o verdadeiros testemunhos de qualidade, luxo e impacto positivo.<\/p>\n","protected":false},"excerpt":{"rendered":"<p>Equipa de lideran\u00e7a composta por profissionais experientes do setor imobili\u00e1rio, com um percurso comprovado em conjunto desde 2003, gerando valor para todas as partes interessadas ao longo do processo. Transformar o panorama imobili\u00e1rio em Portugal atrav\u00e9s do desenvolvimento de resid\u00eancias ic\u00f3nicas de luxo, deixando um impacto duradouro nas comunidades e no ambiente. A nossa dedica\u00e7\u00e3o [&hellip;]<\/p>\n","protected":false},"author":1,"featured_media":397,"parent":0,"menu_order":0,"comment_status":"closed","ping_status":"closed","template":"templates\/who-we-are.php","meta":{"_acf_changed":false,"_seopress_robots_primary_cat":"","_seopress_titles_title":"","_seopress_titles_desc":"","_seopress_robots_index":"","footnotes":""},"class_list":["post-284","page","type-page","status-publish","has-post-thumbnail","hentry"],"acf":[],"_links":{"self":[{"href":"https:\/\/bluebuffalocapital.com\/pt-pt\/wp-json\/wp\/v2\/pages\/284","targetHints":{"allow":["GET"]}}],"collection":[{"href":"https:\/\/bluebuffalocapital.com\/pt-pt\/wp-json\/wp\/v2\/pages"}],"about":[{"href":"https:\/\/bluebuffalocapital.com\/pt-pt\/wp-json\/wp\/v2\/types\/page"}],"author":[{"embeddable":true,"href":"https:\/\/bluebuffalocapital.com\/pt-pt\/wp-json\/wp\/v2\/users\/1"}],"replies":[{"embeddable":true,"href":"https:\/\/bluebuffalocapital.com\/pt-pt\/wp-json\/wp\/v2\/comments?post=284"}],"version-history":[{"count":0,"href":"https:\/\/bluebuffalocapital.com\/pt-pt\/wp-json\/wp\/v2\/pages\/284\/revisions"}],"wp:featuredmedia":[{"embeddable":true,"href":"https:\/\/bluebuffalocapital.com\/pt-pt\/wp-json\/wp\/v2\/media\/397"}],"wp:attachment":[{"href":"https:\/\/bluebuffalocapital.com\/pt-pt\/wp-json\/wp\/v2\/media?parent=284"}],"curies":[{"name":"wp","href":"https:\/\/api.w.org\/{rel}","templated":true}]}}