{"id":277,"date":"2025-05-12T18:29:14","date_gmt":"2025-05-12T17:29:14","guid":{"rendered":"https:\/\/bluebuffalocapital.com\/o-que-fazemos\/"},"modified":"2025-06-26T17:18:18","modified_gmt":"2025-06-26T16:18:18","slug":"o-que-fazemos","status":"publish","type":"page","link":"https:\/\/bluebuffalocapital.com\/pt-pt\/o-que-fazemos\/","title":{"rendered":"O que fazemos"},"content":{"rendered":"\n<p><strong>&#8220;O futuro depende do que fazemos hoje.&#8221; <\/strong>&#8211; <em>Mahatma Gandhi<\/em><\/p>\n\n<p>Pretendemos ser uma refer\u00eancia no desenvolvimento imobili\u00e1rio de luxo, com um portef\u00f3lio diversificado de marcos ic\u00f3nicos, abrindo caminho para um luxo sustent\u00e1vel, tornando cada im\u00f3vel num s\u00edmbolo de mudan\u00e7a positiva e de eleg\u00e2ncia incompar\u00e1vel.<\/p>\n\n<p><strong>&#8220;Age como se as tuas a\u00e7\u00f5es fizessem a difen\u00e7a. Porque fazem. <\/strong>&#8211; <em>William James<\/em><\/p>\n\n<p>Reconhecemos a enorme responsabilidade que assumimos na constru\u00e7\u00e3o de comunidades. O Imobili\u00e1rio de Impacto n\u00e3o se resume a edif\u00edcios; trata-se das vidas que transforma, das comunidades que valoriza e do ambiente que respeita. Cada tijolo que colocamos \u00e9 um passo em dire\u00e7\u00e3o a um futuro mais luminoso, sustent\u00e1vel e pautado pelo luxo.<\/p>\n","protected":false},"excerpt":{"rendered":"<p>&#8220;O futuro depende do que fazemos hoje.&#8221; &#8211; Mahatma Gandhi Pretendemos ser uma refer\u00eancia no desenvolvimento imobili\u00e1rio de luxo, com um portef\u00f3lio diversificado de marcos ic\u00f3nicos, abrindo caminho para um luxo sustent\u00e1vel, tornando cada im\u00f3vel num s\u00edmbolo de mudan\u00e7a positiva e de eleg\u00e2ncia incompar\u00e1vel. &#8220;Age como se as tuas a\u00e7\u00f5es fizessem a difen\u00e7a. Porque fazem. [&hellip;]<\/p>\n","protected":false},"author":1,"featured_media":418,"parent":0,"menu_order":0,"comment_status":"closed","ping_status":"closed","template":"templates\/what-we-do.php","meta":{"_acf_changed":false,"_seopress_robots_primary_cat":"","_seopress_titles_title":"","_seopress_titles_desc":"","_seopress_robots_index":"","footnotes":""},"class_list":["post-277","page","type-page","status-publish","has-post-thumbnail","hentry"],"acf":[],"_links":{"self":[{"href":"https:\/\/bluebuffalocapital.com\/pt-pt\/wp-json\/wp\/v2\/pages\/277","targetHints":{"allow":["GET"]}}],"collection":[{"href":"https:\/\/bluebuffalocapital.com\/pt-pt\/wp-json\/wp\/v2\/pages"}],"about":[{"href":"https:\/\/bluebuffalocapital.com\/pt-pt\/wp-json\/wp\/v2\/types\/page"}],"author":[{"embeddable":true,"href":"https:\/\/bluebuffalocapital.com\/pt-pt\/wp-json\/wp\/v2\/users\/1"}],"replies":[{"embeddable":true,"href":"https:\/\/bluebuffalocapital.com\/pt-pt\/wp-json\/wp\/v2\/comments?post=277"}],"version-history":[{"count":0,"href":"https:\/\/bluebuffalocapital.com\/pt-pt\/wp-json\/wp\/v2\/pages\/277\/revisions"}],"wp:featuredmedia":[{"embeddable":true,"href":"https:\/\/bluebuffalocapital.com\/pt-pt\/wp-json\/wp\/v2\/media\/418"}],"wp:attachment":[{"href":"https:\/\/bluebuffalocapital.com\/pt-pt\/wp-json\/wp\/v2\/media?parent=277"}],"curies":[{"name":"wp","href":"https:\/\/api.w.org\/{rel}","templated":true}]}}